{"id":822,"date":"2024-01-02T20:34:58","date_gmt":"2024-01-02T18:34:58","guid":{"rendered":"http:\/\/jhb-webdevelopers\/rsg-fm\/?page_id=822"},"modified":"2026-04-16T15:38:17","modified_gmt":"2026-04-16T13:38:17","slug":"nuus-bulletins","status":"publish","type":"page","link":"https:\/\/www.rsg.co.za\/rsg-fm\/nuus-bulletins\/","title":{"rendered":"Nuusbulletins"},"content":{"rendered":"\t\t<div data-elementor-type=\"wp-page\" data-elementor-id=\"822\" class=\"elementor elementor-822\" data-elementor-post-type=\"page\">\n\t\t\t\t<div class=\"elementor-element elementor-element-edc9c63 e-con-full e-flex e-con e-parent\" data-id=\"edc9c63\" data-element_type=\"container\" data-settings=\"{&quot;jet_parallax_layout_list&quot;:[]}\">\n\t\t<div class=\"elementor-element elementor-element-64a1764 e-con-full e-flex e-con e-child\" data-id=\"64a1764\" data-element_type=\"container\" data-settings=\"{&quot;jet_parallax_layout_list&quot;:[]}\">\n\t\t<div class=\"elementor-element elementor-element-d96dbae e-con-full e-flex e-con e-child\" data-id=\"d96dbae\" data-element_type=\"container\" data-settings=\"{&quot;jet_parallax_layout_list&quot;:[]}\">\n\t\t\t\t<div class=\"elementor-element elementor-element-50c2f9d elementor-widget elementor-widget-heading\" data-id=\"50c2f9d\" data-element_type=\"widget\" data-widget_type=\"heading.default\">\n\t\t\t\t<div class=\"elementor-widget-container\">\n\t\t\t\t\t<h3 class=\"elementor-heading-title elementor-size-default\">NUUS<\/h3>\t\t\t\t<\/div>\n\t\t\t\t<\/div>\n\t\t\t\t<div class=\"elementor-element elementor-element-10a0f53 elementor-hidden-mobile elementor-widget elementor-widget-image\" data-id=\"10a0f53\" data-element_type=\"widget\" data-widget_type=\"image.default\">\n\t\t\t\t<div class=\"elementor-widget-container\">\n\t\t\t\t\t\t\t\t\t\t\t\t\t\t\t<img decoding=\"async\" width=\"254\" height=\"85\" src=\"https:\/\/www.rsg.co.za\/rsg-fm\/wp-content\/uploads\/2024\/01\/7-1-1.png\" class=\"attachment-large size-large wp-image-1105\" alt=\"\" \/>\t\t\t\t\t\t\t\t\t\t\t\t\t\t\t<\/div>\n\t\t\t\t<\/div>\n\t\t\t\t<div class=\"elementor-element elementor-element-a503e9c elementor-widget elementor-widget-image\" data-id=\"a503e9c\" data-element_type=\"widget\" data-widget_type=\"image.default\">\n\t\t\t\t<div class=\"elementor-widget-container\">\n\t\t\t\t\t\t\t\t\t\t\t\t\t\t\t<img decoding=\"async\" width=\"254\" height=\"186\" src=\"https:\/\/www.rsg.co.za\/rsg-fm\/wp-content\/uploads\/2025\/08\/8-2-1.png\" class=\"attachment-large size-large wp-image-119454\" alt=\"\" srcset=\"https:\/\/www.rsg.co.za\/rsg-fm\/wp-content\/uploads\/2025\/08\/8-2-1.png 254w, https:\/\/www.rsg.co.za\/rsg-fm\/wp-content\/uploads\/2025\/08\/8-2-1-150x110.png 150w\" sizes=\"(max-width: 254px) 100vw, 254px\" \/>\t\t\t\t\t\t\t\t\t\t\t\t\t\t\t<\/div>\n\t\t\t\t<\/div>\n\t\t\t\t<\/div>\n\t\t\t\t<\/div>\n\t\t<div class=\"elementor-element elementor-element-dd78b70 e-con-full rsg-ad-container e-flex e-con e-child\" data-id=\"dd78b70\" data-element_type=\"container\" data-settings=\"{&quot;jet_parallax_layout_list&quot;:[]}\">\n\t\t\t\t<div class=\"elementor-element elementor-element-f097e8f elementor-hidden-mobile elementor-widget elementor-widget-shortcode\" data-id=\"f097e8f\" data-element_type=\"widget\" data-widget_type=\"shortcode.default\">\n\t\t\t\t<div class=\"elementor-widget-container\">\n\t\t\t\t\t\t\t<div class=\"elementor-shortcode\"><!-- \/267159116\/RSG\/RSG_InContentAd2 -->\r\n<div id='div-gpt-ad-1710755013882-0' style='min-width: 728px; min-height: 90px;'>\r\n  <script>\r\n    googletag.cmd.push(function() { googletag.display('div-gpt-ad-1710755013882-0'); });\r\n  <\/script>\r\n<\/div><\/div>\n\t\t\t\t\t\t<\/div>\n\t\t\t\t<\/div>\n\t\t\t\t<\/div>\n\t\t\t\t<\/div>\n\t\t<div class=\"elementor-element elementor-element-f0dc905 e-flex e-con-boxed e-con e-parent\" data-id=\"f0dc905\" data-element_type=\"container\" data-settings=\"{&quot;jet_parallax_layout_list&quot;:[]}\">\n\t\t\t\t\t<div class=\"e-con-inner\">\n\t\t\t\t<div class=\"elementor-element elementor-element-0103cd7 elementor-align-left elementor-widget__width-inherit elementor-widget elementor-widget-button\" data-id=\"0103cd7\" data-element_type=\"widget\" data-widget_type=\"button.default\">\n\t\t\t\t<div class=\"elementor-widget-container\">\n\t\t\t\t\t\t\t\t\t<div class=\"elementor-button-wrapper\">\n\t\t\t\t\t<a class=\"elementor-button elementor-button-link elementor-size-sm\" href=\"https:\/\/www.rsg.co.za\/rsg-fm\/nuusbulletin-resultaat\/\" id=\"nuus-btn-search\">\n\t\t\t\t\t\t<span class=\"elementor-button-content-wrapper\">\n\t\t\t\t\t\t\t\t\t<span class=\"elementor-button-text\">soek nuus<\/span>\n\t\t\t\t\t<\/span>\n\t\t\t\t\t<\/a>\n\t\t\t\t<\/div>\n\t\t\t\t\t\t\t\t<\/div>\n\t\t\t\t<\/div>\n\t\t\t\t\t<\/div>\n\t\t\t\t<\/div>\n\t\t<div class=\"elementor-element elementor-element-2560eb1 e-con-full e-flex e-con e-parent\" data-id=\"2560eb1\" data-element_type=\"container\" data-settings=\"{&quot;jet_parallax_layout_list&quot;:[]}\">\n\t\t\t\t<div class=\"elementor-element elementor-element-42ab69c elementor-widget elementor-widget-shortcode\" data-id=\"42ab69c\" data-element_type=\"widget\" data-widget_type=\"shortcode.default\">\n\t\t\t\t<div class=\"elementor-widget-container\">\n\t\t\t\t\t\t\t<div class=\"elementor-shortcode\"><style type=\"text\/css\">\r\n\t\t\r\n\t\r\n\t.elementor-grid .elementor-grid-item {\r\n    min-width: 0;\r\n    margin-bottom: 49px;\r\n\t}\r\n\t\r\n\tp {\r\n    margin-top: 0;\r\n    margin-bottom: -5rem;\r\n\t}\r\n\t.page-numbers {\r\n\t\tpadding: 10px 15px 10px 15px;\r\n\t\tborder-radius: 59px 59px 59px 59px;\r\n\t\tbackground-color: #CCCCCC;\r\n\t\tmargin-left: 10px;\r\n\t\tcolor: #000;\r\n\t\tmargin-right: 10px;\r\n\t\tline-height: 4;\r\n\t} \t\r\n\t.page-numbers.current {\r\n\t\tbackground-color: #E51F25;\r\n        color: #FFFFFF;\r\n\t}\r\n\t.page-numbers:hover {\r\n\t\tbackground-color: #E51F25;\r\n        color: #FFFFFF;\r\n\t}\r\n\t.nuus-post-title {\r\n\t\tmargin-bottom: 15px;\r\n\t\tfont-weight: bold;\r\n\t\tfont-size: 16px;\r\n\t}\r\n\t#results-holder .nuus-post-title {\r\n\t  margin-top: 15px;\t\r\n\t}\r\n\t\r\n\t.elementor-8455 .elementor-widget {\r\n\t\twidth: 100%;\r\n\t}\r\n\t#no-results {\r\n\t\tdisplay: none;\r\n\t}\r\n\t\r\n\t.input-rounded-edges {\r\n\t    font-size: 14px !important;\r\n\t}\r\n\t\r\n\t@media(max-width: 767px) {\r\n\t\t#news-filter-form #nuus-filter-stuur {\r\n\t\t  margin-left: 0;\r\n\t\t}\r\n\r\n\t\t#nuus-datum-eindig-filter {\r\n\t\t  margin-top: 20px;\r\n\t\t}\r\n\r\n\t\t#date-holder {\r\n\t\t  margin-top: 10px\r\n\t\t}\r\n\t\t\r\n\t\t#nuus-sumbit-filter {\r\n\t\t\tmargin-top: 20px; \r\n\t\t}\r\n   }\r\n\t\r\n<\/style>\r\n\r\n\r\n\r\n\r\n<script>console.log(\"20260510\");<\/script><div class=\"elementor-posts-container elementor-posts elementor-posts--skin-classic elementor-grid\" id=\"articles\"><article class=\"elementor-post elementor-grid-item post-5834 nuusbulletins type-nuusbulletins status-publish hentry entry\"><div class=\"elementor-post__text\"><div class=\"elementor-post__excerpt\"><h4 id=\"selected-date-holder\" class=\"elementor-heading-title elementor-size-default\">10 Mei 2026 17:00<\/h4>** Die hoofsekretaris van die SAKP, Solly Mapaila, het 'n beroep op die parlement gedoen om die skepping van 'n komitee te bespoedig wat die moontlike klagte teen President Cyril Ramaphosa sal ondersoek rakende die Phala Phala diefstal-debakel. Dit volg nadat die Konstitusionele Hof Vrydag beslis het dat die parlement se verslag oor Ramaphosa se moontlike vervolging geldig is.\r\n\r\n** Die premier van die Noord-Kaap, Zalqani Saul, het die nasionale regering se afkondiging van 'n ramptoestand oor onder meer di\u00e9 provinsie verwelkom. Die toestand is vroe\u00ebr oor die Noord-Kaap, Wes-Kaap, Oos-Kaap, Noordwes, Mpumalanga en die Vrystaat afgekondig n\u00e1 swaar re\u00ebn en oorstromings. Saul s\u00ea die verklaring sal onder meer help om geld vir buitengewone hulpprogramme beskikbaar te stel.\r\n\r\n** Die Valke het elf verdagtes by 'n brandstofaanleg in Meyerton in die suide van Gauteng in hegtenis geneem in verband met die beweerde diefstal van diesel. 'n Woordvoerder van die Valke, Christopher Singo, s\u00ea die groep, onder wie twee sekuriteitswagte en 'n aantal buitelanders, het na bewering die gesteelde diesel onderweg na die aanleg onderskep.\r\n\r\n** Die Israelse weermag s\u00ea hy het meer as 40 persele getref wat deur die Hezbolla-organisasie in die suide van Libanon gebruik is. Nagenoeg 40 mense, insluitend burgerlikes, is gister in hewige Israelse aanvalle in die gebied dood.\r\n\r\n** En in Motorfietswedrenne het die Spanjaard Jorge Martin van Aprilla die Franse MotoGP in Le Mans gewen. Sy spanmaat Marco Bezzecchi van Itali\u00eb was tweede, met die Japanse jaer Ai Ogura op nog 'n Aprilla van die susterspan Trackhouse Racing in die derde plek. Martin het ook gister se Kitsren gewen.<\/div><\/div><\/article><\/div><script src=\"https:\/\/code.jquery.com\/jquery-3.7.1.js\" integrity=\"sha256-eKhayi8LEQwp4NKxN+CfCh+3qOVUtJn3QNZ0TciWLP4=\" crossorigin=\"anonymous\"><\/script>\r\n<script src=\"https:\/\/code.jquery.com\/ui\/1.14.0\/jquery-ui.js\"><\/script>\r\n\r\n<script>\r\n\t$(document).ready(function() {\r\n\t\tlet timerOptions = $('#select-tydsgleef > option').length;\r\n\t\t\/\/ Check if the select element has no options\r\n\t\tif (timerOptions == 0) {\r\n\t\t   $('#article-time-holder').hide();\r\n\t\t}else {\r\n\t\t   $('#article-time-holder').show();\r\n\t\t}\r\n\t\r\n\t\t\/\/ hide search on search results page\r\n\t\tlet results = $('#jupiterx-primary').find('#results-holder').length;\r\n\t\t\r\n\t\tif(results) {\r\n\t\t\t$('#news-filter-form').hide();\r\n\t\t}\r\n\t\t\r\n\t\tif($('#jupiterx-primary').find('#results-holder').children().length > 0) {\r\n\t\t\t$('#no-results').hide();\r\n\t\t}else {\r\n\t\t\t$('#no-results').show();\r\n\t\t}\r\n\t});\r\n\r\n<\/script><\/div>\n\t\t\t\t\t\t<\/div>\n\t\t\t\t<\/div>\n\t\t\t\t<\/div>\n\t\t\t\t<\/div>\n\t\t","protected":false},"excerpt":{"rendered":"<p>NUUS soek nuus<\/p>\n","protected":false},"author":1,"featured_media":0,"parent":0,"menu_order":0,"comment_status":"closed","ping_status":"closed","template":"","meta":{"_acf_changed":false,"footnotes":""},"class_list":["post-822","page","type-page","status-publish","hentry"],"acf":[],"_links":{"self":[{"href":"https:\/\/www.rsg.co.za\/rsg-fm\/wp-json\/wp\/v2\/pages\/822","targetHints":{"allow":["GET"]}}],"collection":[{"href":"https:\/\/www.rsg.co.za\/rsg-fm\/wp-json\/wp\/v2\/pages"}],"about":[{"href":"https:\/\/www.rsg.co.za\/rsg-fm\/wp-json\/wp\/v2\/types\/page"}],"author":[{"embeddable":true,"href":"https:\/\/www.rsg.co.za\/rsg-fm\/wp-json\/wp\/v2\/users\/1"}],"replies":[{"embeddable":true,"href":"https:\/\/www.rsg.co.za\/rsg-fm\/wp-json\/wp\/v2\/comments?post=822"}],"version-history":[{"count":357,"href":"https:\/\/www.rsg.co.za\/rsg-fm\/wp-json\/wp\/v2\/pages\/822\/revisions"}],"predecessor-version":[{"id":138822,"href":"https:\/\/www.rsg.co.za\/rsg-fm\/wp-json\/wp\/v2\/pages\/822\/revisions\/138822"}],"wp:attachment":[{"href":"https:\/\/www.rsg.co.za\/rsg-fm\/wp-json\/wp\/v2\/media?parent=822"}],"curies":[{"name":"wp","href":"https:\/\/api.w.org\/{rel}","templated":true}]}}